{"id":21877,"date":"2024-10-02T10:16:08","date_gmt":"2024-10-02T13:16:08","guid":{"rendered":"https:\/\/souzalima.com.br\/blog\/?page_id=21877"},"modified":"2025-06-06T13:34:50","modified_gmt":"2025-06-06T16:34:50","slug":"videos","status":"publish","type":"page","link":"https:\/\/souzalima.com.br\/blog\/videos\/","title":{"rendered":"V\u00eddeos"},"content":{"rendered":"<div class=\"wpb-content-wrapper\"><p>[vc_row css_animation=&#8221;&#8221; row_type=&#8221;row&#8221; use_row_as_full_screen_section=&#8221;no&#8221; type=&#8221;grid&#8221; angled_section=&#8221;no&#8221; text_align=&#8221;left&#8221; background_image_as_pattern=&#8221;without_pattern&#8221; z_index=&#8221;&#8221; css=&#8221;.vc_custom_1712149573036{padding-top: 30px !important;}&#8221;][vc_column width=&#8221;2\/3&#8243;][vc_column_text el_class=&#8221;esconderTexto&#8221;]<!-- h1>Blog Souza Lima<\/h1 -->[\/vc_column_text]<div  class=\"jeg_breakingnews clearfix epic_module__0_6a038f6a571d5   \">\n                <div class=\"jeg_breakingnews_title\"><i class='fas fa-audio-description'><\/i>&nbsp;<\/i> <span>Souza Lima News<\/span><\/div>\n\n                <div class=\"jeg_news_ticker\" data-autoplay='' data-delay='3000' data-animation='horizontal'>\n                    <div class=\"jeg_news_ticker_items\">\n                        <div class=\"jeg_news_ticker_item jeg_news_ticker_animated jeg_news_ticker_active post-21455 post type-post status-publish format-standard has-post-thumbnail hentry category-videos tag-blog-souza-lima tag-destaques tag-joao-marcondes tag-souza-lima-aqui-a-gente-respira-musica\">\n                <span>\n                    <a href=\"https:\/\/souzalima.com.br\/blog\/souza-lima-aqui-a-gente-respira-musica\/\" >Souza Lima \u2013 Aqui a gente respira m\u00fasica<\/a>\n                <\/span>\n                <span class=\"post-date\">\n                    28 de setembro de 2024\n                <\/span>\n            <\/div>\n                    <\/div>\n                    <div class=\"jeg_news_ticker_control\">\n                        <div class=\"jeg_news_ticker_next jeg_news_ticker_arrow\"><span>Next<\/span><\/div>\n                        <div class=\"jeg_news_ticker_prev jeg_news_ticker_arrow\"><span>Prev<\/span><\/div>\n                    <\/div>\n                <\/div>\n                \n            <\/div><div  class=\"jeg_slider_wrapper jeg_slider_type_1_wrapper epic_module__1_6a038f6a58a34  \">\n                    <div class=\"jeg_slider_type_1 jeg_slider slider-carousel\" data-autoplay=\"true\" data-delay=\"7000\">\n                        <div class=\"jeg_slide_item\">\n                    \n                    <a href=\"https:\/\/souzalima.com.br\/blog\/souza-lima-aqui-a-gente-respira-musica\/\" class=\"jeg_slide_img\"><div class=\"thumbnail-container size-500 \"><img loading=\"lazy\" decoding=\"async\" width=\"696\" height=\"375\" src=\"https:\/\/souzalima.com.br\/blog\/wp-content\/plugins\/epic-news-element\/assets\/img\/jeg-empty.png\" class=\"attachment-epic-750x375 size-epic-750x375 owl-lazy\" alt=\"Qual livro utilizar para estudar hist\u00f3ria da m\u00fasica?\" data-src=\"https:\/\/souzalima.com.br\/blog\/wp-content\/uploads\/2024\/09\/historia-696x375.webp\" \/><\/div><\/a>\n                    <div class=\"jeg_slide_caption\">\n                        <div class=\"jeg_caption_container\">\n                            <div class=\"jeg_post_category\">\n                                <a href=\"https:\/\/souzalima.com.br\/blog\/category\/videos\/\" class=\"category-videos\">V\u00eddeos<\/a>\n                            <\/div>\n                            <h2 class=\"jeg_post_title\">\n                                <a href=\"https:\/\/souzalima.com.br\/blog\/souza-lima-aqui-a-gente-respira-musica\/\" >Souza Lima \u2013 Aqui a gente respira m\u00fasica<\/a>\n                            <\/h2>\n                            <div class=\"jeg_post_meta\"><span class=\"jeg_meta_author\">by <a href=\"https:\/\/souzalima.com.br\/blog\/author\/joao\/\">Jo\u00e3o Marcondes<\/a><\/span><span class=\"jeg_meta_date\">28 de setembro de 2024<\/span><\/div>\n                        <\/div>\n                    <\/div>\n                <\/div>\n                    <\/div>\n                    <div class=\"jeg_slider_thumbnail_wrapper\">\n                        <div class=\"jeg_slider_thumbnail slider-carousel\">\n                            <div  class=\"jeg_slide_thumbnail_item post-21455 post type-post status-publish format-standard has-post-thumbnail hentry category-videos tag-blog-souza-lima tag-destaques tag-joao-marcondes tag-souza-lima-aqui-a-gente-respira-musica\"><a href=\"https:\/\/souzalima.com.br\/blog\/souza-lima-aqui-a-gente-respira-musica\/\"><div class=\"thumbnail-container size-715 \"><img loading=\"lazy\" decoding=\"async\" width=\"120\" height=\"86\" src=\"https:\/\/souzalima.com.br\/blog\/wp-content\/plugins\/epic-news-element\/assets\/img\/jeg-empty.png\" class=\"attachment-epic-120x86 size-epic-120x86 owl-lazy\" alt=\"Qual livro utilizar para estudar hist\u00f3ria da m\u00fasica?\" data-src=\"https:\/\/souzalima.com.br\/blog\/wp-content\/uploads\/2024\/09\/historia-120x86.webp\" \/><\/div><\/a><\/div>\n                        <\/div>\n                    <\/div>\n                <\/div><div  class=\"jeg_postblock_17 jeg_postblock jeg_module_hook jeg_pagination_disable jeg_col_2o3 epic_module__2_6a038f6a599db   \" data-unique=\"epic_module__2_6a038f6a599db\">\n                <div class=\"jeg_block_heading jeg_block_heading_1 jeg_subcat_right\">\n                    <h3 class=\"jeg_block_title\"><span>\u00daltimas Not\u00edcias<\/span><\/h3>\n                    \n                <\/div>\n                <div class=\"jeg_block_container\">\n                \n                <div class='jeg_empty_module'>No Content Available<\/div>\n                <div class='module-overlay'>\n                <div class='preloader_type preloader_dot'>\n                    <div class=\"module-preloader jeg_preloader dot\">\n                        <span><\/span><span><\/span><span><\/span>\n                    <\/div>\n                    <div class=\"module-preloader jeg_preloader circle\">\n                        <div class=\"epic_preloader_circle_outer\">\n                            <div class=\"epic_preloader_circle_inner\"><\/div>\n                        <\/div>\n                    <\/div>\n                    <div class=\"module-preloader jeg_preloader square\">\n                        <div class=\"jeg_square\"><div class=\"jeg_square_inner\"><\/div><\/div>\n                    <\/div>\n                <\/div>\n            <\/div>\n            <\/div>\n            <div class=\"jeg_block_navigation\">\n                <div class='navigation_overlay'><div class='module-preloader jeg_preloader'><span><\/span><span><\/span><span><\/span><\/div><\/div>\n                \n                \n            <\/div>\n                \n                <script>var epic_module__2_6a038f6a599db = {\"header_icon\":\"\",\"first_title\":\"\\u00daltimas Not\\u00edcias\",\"second_title\":\"\",\"url\":\"\",\"header_type\":\"heading_1\",\"header_background\":\"\",\"header_secondary_background\":\"\",\"header_text_color\":\"\",\"header_line_color\":\"\",\"header_accent_color\":\"\",\"header_filter_category\":\"\",\"header_filter_author\":\"\",\"header_filter_tag\":\"\",\"header_filter_text\":\"All\",\"post_type\":\"post\",\"number_post\":\"8\",\"post_offset\":\"0\",\"unique_content\":\"disable\",\"include_post\":\"\",\"exclude_post\":\"\",\"include_category\":\"v\\u00eddeo\",\"exclude_category\":\"\",\"include_author\":\"\",\"include_tag\":\"\",\"exclude_tag\":\"\",\"portfolio_category\":\"\",\"portfolio_tag\":\"\",\"sort_by\":\"latest\",\"date_format\":\"default\",\"date_format_custom\":\"Y\\\/m\\\/d\",\"excerpt_length\":\"20\",\"excerpt_ellipsis\":\"...\",\"pagination_mode\":\"disable\",\"pagination_nextprev_showtext\":\"\",\"pagination_number_post\":4,\"pagination_scroll_limit\":0,\"boxed\":\"\",\"boxed_shadow\":\"\",\"el_id\":\"\",\"el_class\":\"\",\"scheme\":\"\",\"column_width\":\"auto\",\"title_color\":\"\",\"accent_color\":\"\",\"alt_color\":\"\",\"excerpt_color\":\"\",\"css\":\"\",\"compatible_column_notice\":\"\",\"paged\":1,\"column_class\":\"jeg_col_2o3\",\"class\":\"epic_block_17\"};<\/script>\n            <\/div>[\/vc_column][vc_column width=&#8221;1\/3&#8243;]<div  class=\"jeg_postblock_22 jeg_postblock jeg_module_hook jeg_pagination_disable jeg_col_2o3 epic_module__3_6a038f6a59d15   \" data-unique=\"epic_module__3_6a038f6a59d15\">\n                <div class=\"jeg_block_heading jeg_block_heading_1 jeg_subcat_right\">\n                    <h3 class=\"jeg_block_title\"><span>Dicas SL<\/span><\/h3>\n                    \n                <\/div>\n                <div class=\"jeg_block_container\">\n                \n                <div class=\"jeg_posts_wrap\">\n                <div class=\"jeg_posts jeg_load_more_flag\"> \n                    <article class=\"jeg_post jeg_pl_md_5 post-21455 post type-post status-publish format-standard has-post-thumbnail hentry category-videos tag-blog-souza-lima tag-destaques tag-joao-marcondes tag-souza-lima-aqui-a-gente-respira-musica\">\n                <div class=\"jeg_thumb\">\n                    \n                    <a href=\"https:\/\/souzalima.com.br\/blog\/souza-lima-aqui-a-gente-respira-musica\/\"><div class=\"thumbnail-container animate-lazy  size-715 \"><img loading=\"lazy\" decoding=\"async\" width=\"350\" height=\"250\" src=\"https:\/\/souzalima.com.br\/blog\/wp-content\/plugins\/epic-news-element\/assets\/img\/jeg-empty.png\" class=\"attachment-epic-350x250 size-epic-350x250 lazyload wp-post-image\" alt=\"Qual livro utilizar para estudar hist\u00f3ria da m\u00fasica?\" data-src=\"https:\/\/souzalima.com.br\/blog\/wp-content\/uploads\/2024\/09\/historia-350x250.webp\" data-sizes=\"auto\" data-srcset=\"https:\/\/souzalima.com.br\/blog\/wp-content\/uploads\/2024\/09\/historia-350x250.webp 350w, https:\/\/souzalima.com.br\/blog\/wp-content\/uploads\/2024\/09\/historia-696x500.webp 696w, https:\/\/souzalima.com.br\/blog\/wp-content\/uploads\/2024\/09\/historia-120x86.webp 120w\" data-expand=\"700\" \/><\/div><\/a>\n                    <div class=\"jeg_post_category\">\n                        <span><a href=\"https:\/\/souzalima.com.br\/blog\/category\/videos\/\" class=\"category-videos\">V\u00eddeos<\/a><\/span>\n                    <\/div>\n                <\/div>\n                <div class=\"jeg_postblock_content\">\n                    <h3 class=\"jeg_post_title\">\n                        <a href=\"https:\/\/souzalima.com.br\/blog\/souza-lima-aqui-a-gente-respira-musica\/\">Souza Lima \u2013 Aqui a gente respira m\u00fasica<\/a>\n                    <\/h3>\n                    <div class=\"jeg_post_meta\"><div class=\"jeg_meta_date\"><a href=\"https:\/\/souzalima.com.br\/blog\/souza-lima-aqui-a-gente-respira-musica\/\" ><i class=\"fa fa-clock-o\"><\/i> 28\/09\/2024<\/a><\/div><\/div>\n                <\/div>\n            <\/article>\n                <\/div>\n            <\/div>\n                <div class='module-overlay'>\n                <div class='preloader_type preloader_dot'>\n                    <div class=\"module-preloader jeg_preloader dot\">\n                        <span><\/span><span><\/span><span><\/span>\n                    <\/div>\n                    <div class=\"module-preloader jeg_preloader circle\">\n                        <div class=\"epic_preloader_circle_outer\">\n                            <div class=\"epic_preloader_circle_inner\"><\/div>\n                        <\/div>\n                    <\/div>\n                    <div class=\"module-preloader jeg_preloader square\">\n                        <div class=\"jeg_square\"><div class=\"jeg_square_inner\"><\/div><\/div>\n                    <\/div>\n                <\/div>\n            <\/div>\n            <\/div>\n            <div class=\"jeg_block_navigation\">\n                <div class='navigation_overlay'><div class='module-preloader jeg_preloader'><span><\/span><span><\/span><span><\/span><\/div><\/div>\n                \n                \n            <\/div>\n                \n                <script>var epic_module__3_6a038f6a59d15 = {\"header_icon\":\"\",\"first_title\":\"Dicas SL\",\"second_title\":\"\",\"url\":\"\",\"header_type\":\"heading_1\",\"header_background\":\"\",\"header_secondary_background\":\"\",\"header_text_color\":\"\",\"header_line_color\":\"\",\"header_accent_color\":\"\",\"header_filter_category\":\"\",\"header_filter_author\":\"\",\"header_filter_tag\":\"\",\"header_filter_text\":\"All\",\"post_type\":\"post\",\"number_post\":\"6\",\"post_offset\":\"0\",\"unique_content\":\"disable\",\"include_post\":\"\",\"exclude_post\":\"\",\"include_category\":\"844\",\"exclude_category\":\"\",\"include_author\":\"\",\"include_tag\":\"\",\"exclude_tag\":\"\",\"portfolio_category\":\"\",\"portfolio_tag\":\"\",\"sort_by\":\"latest\",\"date_format\":\"custom\",\"date_format_custom\":\"d\\\/m\\\/Y\",\"pagination_mode\":\"disable\",\"pagination_nextprev_showtext\":\"\",\"pagination_number_post\":3,\"pagination_scroll_limit\":0,\"boxed\":\"\",\"boxed_shadow\":\"\",\"el_id\":\"\",\"el_class\":\"\",\"scheme\":\"\",\"column_width\":\"auto\",\"title_color\":\"\",\"accent_color\":\"\",\"alt_color\":\"\",\"excerpt_color\":\"\",\"css\":\"\",\"compatible_column_notice\":\"\",\"paged\":1,\"column_class\":\"jeg_col_2o3\",\"class\":\"epic_block_22\"};<\/script>\n            <\/div><div  class=\"jeg_postblock_28 jeg_postblock jeg_module_hook jeg_pagination_disable jeg_col_2o3 epic_module__4_6a038f6a5a4a7   \" data-unique=\"epic_module__4_6a038f6a5a4a7\">\n                <div class=\"jeg_block_heading jeg_block_heading_1 jeg_subcat_right\">\n                    <h3 class=\"jeg_block_title\"><span>Nunca saem de moda<\/span><\/h3>\n                    \n                <\/div>\n                <div class=\"jeg_block_container\">\n                \n                <div class=\"jeg_posts \">\n                <div class=\"jeg_postsmall jeg_load_more_flag\">\n                    <article class=\"jeg_post jeg_pl_xs_4 post-21455 post type-post status-publish format-standard has-post-thumbnail hentry category-videos tag-blog-souza-lima tag-destaques tag-joao-marcondes tag-souza-lima-aqui-a-gente-respira-musica\">\n                <div class=\"jeg_postblock_content\">\n                    <h3 class=\"jeg_post_title\">\n                        <a href=\"https:\/\/souzalima.com.br\/blog\/souza-lima-aqui-a-gente-respira-musica\/\">Souza Lima \u2013 Aqui a gente respira m\u00fasica<\/a>\n                    <\/h3>\n                    \n                <\/div>\n            <\/article>\n                <\/div>\n            <\/div>\n                <div class='module-overlay'>\n                <div class='preloader_type preloader_dot'>\n                    <div class=\"module-preloader jeg_preloader dot\">\n                        <span><\/span><span><\/span><span><\/span>\n                    <\/div>\n                    <div class=\"module-preloader jeg_preloader circle\">\n                        <div class=\"epic_preloader_circle_outer\">\n                            <div class=\"epic_preloader_circle_inner\"><\/div>\n                        <\/div>\n                    <\/div>\n                    <div class=\"module-preloader jeg_preloader square\">\n                        <div class=\"jeg_square\"><div class=\"jeg_square_inner\"><\/div><\/div>\n                    <\/div>\n                <\/div>\n            <\/div>\n            <\/div>\n            <div class=\"jeg_block_navigation\">\n                <div class='navigation_overlay'><div class='module-preloader jeg_preloader'><span><\/span><span><\/span><span><\/span><\/div><\/div>\n                \n                \n            <\/div>\n                \n                <script>var epic_module__4_6a038f6a5a4a7 = {\"header_icon\":\"\",\"first_title\":\"Nunca saem de moda\",\"second_title\":\"\",\"url\":\"\",\"header_type\":\"heading_1\",\"header_background\":\"\",\"header_secondary_background\":\"\",\"header_text_color\":\"\",\"header_line_color\":\"\",\"header_accent_color\":\"\",\"header_filter_category\":\"\",\"header_filter_author\":\"\",\"header_filter_tag\":\"\",\"header_filter_text\":\"All\",\"post_type\":\"post\",\"number_post\":\"6\",\"post_offset\":\"0\",\"unique_content\":\"disable\",\"include_post\":\"\",\"exclude_post\":\"\",\"include_category\":\"844\",\"exclude_category\":\"\",\"include_author\":\"\",\"include_tag\":\"\",\"exclude_tag\":\"\",\"portfolio_category\":\"\",\"portfolio_tag\":\"\",\"sort_by\":\"latest\",\"show_date\":\"\",\"date_format\":\"default\",\"date_format_custom\":\"Y\\\/m\\\/d\",\"pagination_mode\":\"disable\",\"pagination_nextprev_showtext\":\"\",\"pagination_number_post\":4,\"pagination_scroll_limit\":0,\"ads_type\":\"disable\",\"ads_position\":1,\"ads_random\":\"\",\"ads_image\":\"\",\"ads_image_tablet\":\"\",\"ads_image_phone\":\"\",\"ads_image_link\":\"\",\"ads_image_alt\":\"\",\"ads_image_new_tab\":\"\",\"google_publisher_id\":\"\",\"google_slot_id\":\"\",\"google_desktop\":\"auto\",\"google_tab\":\"auto\",\"google_phone\":\"auto\",\"content\":\"\",\"ads_bottom_text\":\"\",\"show_border\":\"\",\"el_id\":\"\",\"el_class\":\"\",\"scheme\":\"\",\"column_width\":\"auto\",\"title_color\":\"\",\"accent_color\":\"\",\"alt_color\":\"\",\"excerpt_color\":\"\",\"css\":\"\",\"compatible_column_notice\":\"\",\"paged\":1,\"column_class\":\"jeg_col_2o3\",\"class\":\"epic_block_28\"};<\/script>\n            <\/div>[\/vc_column][\/vc_row]<\/p>\n<\/div>","protected":false},"excerpt":{"rendered":"<p>[vc_row css_animation=&#8221;&#8221; row_type=&#8221;row&#8221; use_row_as_full_screen_section=&#8221;no&#8221; type=&#8221;grid&#8221; angled_section=&#8221;no&#8221; text_align=&#8221;left&#8221; background_image_as_pattern=&#8221;without_pattern&#8221; z_index=&#8221;&#8221; css=&#8221;.vc_custom_1712149573036{padding-top: 30px !important;}&#8221;][vc_column width=&#8221;2\/3&#8243;][vc_column_text el_class=&#8221;esconderTexto&#8221;][\/vc_column_text][\/vc_column][vc_column width=&#8221;1\/3&#8243;][\/vc_column][\/vc_row]<\/p>\n","protected":false},"author":1,"featured_media":0,"parent":0,"menu_order":0,"comment_status":"closed","ping_status":"open","template":"full_width.php","meta":{"footnotes":""},"class_list":["post-21877","page","type-page","status-publish","hentry"],"yoast_head":"<!-- This site is optimized with the Yoast SEO plugin v27.2 - https:\/\/yoast.com\/product\/yoast-seo-wordpress\/ -->\n<title>V\u00eddeos de Aulas, Shows e Entrevistas | Souza Lima<\/title>\n<meta name=\"description\" content=\"Assista aos melhores v\u00eddeos de aulas, apresenta\u00e7\u00f5es e entrevistas com m\u00fasicos e professores da Souza Lima. Explore o universo musical agora!\" \/>\n<meta name=\"robots\" content=\"index, follow, max-snippet:-1, max-image-preview:large, max-video-preview:-1\" \/>\n<link rel=\"canonical\" href=\"https:\/\/souzalima.com.br\/blog\/videos\/\" \/>\n<meta property=\"og:locale\" content=\"pt_BR\" \/>\n<meta property=\"og:type\" content=\"article\" \/>\n<meta property=\"og:title\" content=\"V\u00eddeos de Aulas, Shows e Entrevistas | Souza Lima\" \/>\n<meta property=\"og:description\" content=\"Assista aos melhores v\u00eddeos de aulas, apresenta\u00e7\u00f5es e entrevistas com m\u00fasicos e professores da Souza Lima. Explore o universo musical agora!\" \/>\n<meta property=\"og:url\" content=\"https:\/\/souzalima.com.br\/blog\/videos\/\" \/>\n<meta property=\"og:site_name\" content=\"Blog Souza Lima\" \/>\n<meta property=\"article:publisher\" content=\"https:\/\/www.facebook.com\/souzalimaoficial\" \/>\n<meta property=\"article:modified_time\" content=\"2025-06-06T16:34:50+00:00\" \/>\n<meta name=\"twitter:card\" content=\"summary_large_image\" \/>\n<meta name=\"twitter:label1\" content=\"Est. tempo de leitura\" \/>\n\t<meta name=\"twitter:data1\" content=\"1 minuto\" \/>\n<script type=\"application\/ld+json\" class=\"yoast-schema-graph\">{\"@context\":\"https:\/\/schema.org\",\"@graph\":[{\"@type\":\"WebPage\",\"@id\":\"https:\/\/souzalima.com.br\/blog\/videos\/\",\"url\":\"https:\/\/souzalima.com.br\/blog\/videos\/\",\"name\":\"V\u00eddeos de Aulas, Shows e Entrevistas | Souza Lima\",\"isPartOf\":{\"@id\":\"https:\/\/souzalima.com.br\/blog\/#website\"},\"datePublished\":\"2024-10-02T13:16:08+00:00\",\"dateModified\":\"2025-06-06T16:34:50+00:00\",\"description\":\"Assista aos melhores v\u00eddeos de aulas, apresenta\u00e7\u00f5es e entrevistas com m\u00fasicos e professores da Souza Lima. Explore o universo musical agora!\",\"breadcrumb\":{\"@id\":\"https:\/\/souzalima.com.br\/blog\/videos\/#breadcrumb\"},\"inLanguage\":\"pt-BR\",\"potentialAction\":[{\"@type\":\"ReadAction\",\"target\":[\"https:\/\/souzalima.com.br\/blog\/videos\/\"]}]},{\"@type\":\"BreadcrumbList\",\"@id\":\"https:\/\/souzalima.com.br\/blog\/videos\/#breadcrumb\",\"itemListElement\":[{\"@type\":\"ListItem\",\"position\":1,\"name\":\"In\u00edcio\",\"item\":\"https:\/\/souzalima.com.br\/blog\/\"},{\"@type\":\"ListItem\",\"position\":2,\"name\":\"V\u00eddeos\"}]},{\"@type\":\"WebSite\",\"@id\":\"https:\/\/souzalima.com.br\/blog\/#website\",\"url\":\"https:\/\/souzalima.com.br\/blog\/\",\"name\":\"Blog Souza Lima\",\"description\":\"Descubra o universo musical com o Blog Souza Lima! \",\"publisher\":{\"@id\":\"https:\/\/souzalima.com.br\/blog\/#organization\"},\"potentialAction\":[{\"@type\":\"SearchAction\",\"target\":{\"@type\":\"EntryPoint\",\"urlTemplate\":\"https:\/\/souzalima.com.br\/blog\/?s={search_term_string}\"},\"query-input\":{\"@type\":\"PropertyValueSpecification\",\"valueRequired\":true,\"valueName\":\"search_term_string\"}}],\"inLanguage\":\"pt-BR\"},{\"@type\":\"Organization\",\"@id\":\"https:\/\/souzalima.com.br\/blog\/#organization\",\"name\":\"Blog Souza Lima\",\"url\":\"https:\/\/souzalima.com.br\/blog\/\",\"logo\":{\"@type\":\"ImageObject\",\"inLanguage\":\"pt-BR\",\"@id\":\"https:\/\/souzalima.com.br\/blog\/#\/schema\/logo\/image\/\",\"url\":\"https:\/\/souzalima.com.br\/blog\/wp-content\/uploads\/2024\/04\/logo-blog-escuro.png\",\"contentUrl\":\"https:\/\/souzalima.com.br\/blog\/wp-content\/uploads\/2024\/04\/logo-blog-escuro.png\",\"width\":700,\"height\":360,\"caption\":\"Blog Souza Lima\"},\"image\":{\"@id\":\"https:\/\/souzalima.com.br\/blog\/#\/schema\/logo\/image\/\"},\"sameAs\":[\"https:\/\/www.facebook.com\/souzalimaoficial\",\"https:\/\/www.instagram.com\/souzalimaoficial\/\",\"https:\/\/www.tiktok.com\/@souzalimaoficial\"]}]}<\/script>\n<!-- \/ Yoast SEO plugin. -->","yoast_head_json":{"title":"V\u00eddeos de Aulas, Shows e Entrevistas | Souza Lima","description":"Assista aos melhores v\u00eddeos de aulas, apresenta\u00e7\u00f5es e entrevistas com m\u00fasicos e professores da Souza Lima. Explore o universo musical agora!","robots":{"index":"index","follow":"follow","max-snippet":"max-snippet:-1","max-image-preview":"max-image-preview:large","max-video-preview":"max-video-preview:-1"},"canonical":"https:\/\/souzalima.com.br\/blog\/videos\/","og_locale":"pt_BR","og_type":"article","og_title":"V\u00eddeos de Aulas, Shows e Entrevistas | Souza Lima","og_description":"Assista aos melhores v\u00eddeos de aulas, apresenta\u00e7\u00f5es e entrevistas com m\u00fasicos e professores da Souza Lima. Explore o universo musical agora!","og_url":"https:\/\/souzalima.com.br\/blog\/videos\/","og_site_name":"Blog Souza Lima","article_publisher":"https:\/\/www.facebook.com\/souzalimaoficial","article_modified_time":"2025-06-06T16:34:50+00:00","twitter_card":"summary_large_image","twitter_misc":{"Est. tempo de leitura":"1 minuto"},"schema":{"@context":"https:\/\/schema.org","@graph":[{"@type":"WebPage","@id":"https:\/\/souzalima.com.br\/blog\/videos\/","url":"https:\/\/souzalima.com.br\/blog\/videos\/","name":"V\u00eddeos de Aulas, Shows e Entrevistas | Souza Lima","isPartOf":{"@id":"https:\/\/souzalima.com.br\/blog\/#website"},"datePublished":"2024-10-02T13:16:08+00:00","dateModified":"2025-06-06T16:34:50+00:00","description":"Assista aos melhores v\u00eddeos de aulas, apresenta\u00e7\u00f5es e entrevistas com m\u00fasicos e professores da Souza Lima. Explore o universo musical agora!","breadcrumb":{"@id":"https:\/\/souzalima.com.br\/blog\/videos\/#breadcrumb"},"inLanguage":"pt-BR","potentialAction":[{"@type":"ReadAction","target":["https:\/\/souzalima.com.br\/blog\/videos\/"]}]},{"@type":"BreadcrumbList","@id":"https:\/\/souzalima.com.br\/blog\/videos\/#breadcrumb","itemListElement":[{"@type":"ListItem","position":1,"name":"In\u00edcio","item":"https:\/\/souzalima.com.br\/blog\/"},{"@type":"ListItem","position":2,"name":"V\u00eddeos"}]},{"@type":"WebSite","@id":"https:\/\/souzalima.com.br\/blog\/#website","url":"https:\/\/souzalima.com.br\/blog\/","name":"Blog Souza Lima","description":"Descubra o universo musical com o Blog Souza Lima! ","publisher":{"@id":"https:\/\/souzalima.com.br\/blog\/#organization"},"potentialAction":[{"@type":"SearchAction","target":{"@type":"EntryPoint","urlTemplate":"https:\/\/souzalima.com.br\/blog\/?s={search_term_string}"},"query-input":{"@type":"PropertyValueSpecification","valueRequired":true,"valueName":"search_term_string"}}],"inLanguage":"pt-BR"},{"@type":"Organization","@id":"https:\/\/souzalima.com.br\/blog\/#organization","name":"Blog Souza Lima","url":"https:\/\/souzalima.com.br\/blog\/","logo":{"@type":"ImageObject","inLanguage":"pt-BR","@id":"https:\/\/souzalima.com.br\/blog\/#\/schema\/logo\/image\/","url":"https:\/\/souzalima.com.br\/blog\/wp-content\/uploads\/2024\/04\/logo-blog-escuro.png","contentUrl":"https:\/\/souzalima.com.br\/blog\/wp-content\/uploads\/2024\/04\/logo-blog-escuro.png","width":700,"height":360,"caption":"Blog Souza Lima"},"image":{"@id":"https:\/\/souzalima.com.br\/blog\/#\/schema\/logo\/image\/"},"sameAs":["https:\/\/www.facebook.com\/souzalimaoficial","https:\/\/www.instagram.com\/souzalimaoficial\/","https:\/\/www.tiktok.com\/@souzalimaoficial"]}]}},"_links":{"self":[{"href":"https:\/\/souzalima.com.br\/blog\/wp-json\/wp\/v2\/pages\/21877","targetHints":{"allow":["GET"]}}],"collection":[{"href":"https:\/\/souzalima.com.br\/blog\/wp-json\/wp\/v2\/pages"}],"about":[{"href":"https:\/\/souzalima.com.br\/blog\/wp-json\/wp\/v2\/types\/page"}],"author":[{"embeddable":true,"href":"https:\/\/souzalima.com.br\/blog\/wp-json\/wp\/v2\/users\/1"}],"replies":[{"embeddable":true,"href":"https:\/\/souzalima.com.br\/blog\/wp-json\/wp\/v2\/comments?post=21877"}],"version-history":[{"count":1,"href":"https:\/\/souzalima.com.br\/blog\/wp-json\/wp\/v2\/pages\/21877\/revisions"}],"predecessor-version":[{"id":21878,"href":"https:\/\/souzalima.com.br\/blog\/wp-json\/wp\/v2\/pages\/21877\/revisions\/21878"}],"wp:attachment":[{"href":"https:\/\/souzalima.com.br\/blog\/wp-json\/wp\/v2\/media?parent=21877"}],"curies":[{"name":"wp","href":"https:\/\/api.w.org\/{rel}","templated":true}]}}