{"id":21865,"date":"2024-10-02T09:42:24","date_gmt":"2024-10-02T12:42:24","guid":{"rendered":"https:\/\/souzalima.com.br\/blog\/?page_id=21865"},"modified":"2024-10-02T09:43:42","modified_gmt":"2024-10-02T12:43:42","slug":"politica-de-privacidade-2","status":"publish","type":"page","link":"https:\/\/souzalima.com.br\/blog\/politica-de-privacidade-2\/","title":{"rendered":"Pol\u00edtica de Privacidade"},"content":{"rendered":"<div class=\"wpb-content-wrapper\"><p>[vc_row css_animation=&#8221;&#8221; row_type=&#8221;row&#8221; use_row_as_full_screen_section=&#8221;no&#8221; type=&#8221;full_width&#8221; angled_section=&#8221;no&#8221; text_align=&#8221;left&#8221; background_image_as_pattern=&#8221;without_pattern&#8221; css=&#8221;.vc_custom_1727873019438{margin-bottom: 90px !important;}&#8221; z_index=&#8221;&#8221;][vc_column][vc_column_text]<\/p>\n<div class=\"flex-shrink-0 flex flex-col relative items-end\">\n<div>\n<div class=\"pt-0\">\n<div class=\"gizmo-bot-avatar flex h-8 w-8 items-center justify-center overflow-hidden rounded-full\">\n<h3 class=\"relative p-1 rounded-sm flex items-center justify-center bg-token-main-surface-primary text-token-text-primary h-8 w-8\">SE\u00c7\u00c3O 1 &#8211; O QUE FAREMOS COM ESTA INFORMA\u00c7\u00c3O?<\/h3>\n<\/div>\n<\/div>\n<\/div>\n<\/div>\n<div class=\"group\/conversation-turn relative flex w-full min-w-0 flex-col agent-turn\">\n<div class=\"flex-col gap-1 md:gap-3\">\n<div class=\"flex max-w-full flex-col flex-grow\">\n<div class=\"min-h-8 text-message flex w-full flex-col items-end gap-2 whitespace-normal break-words [.text-message+&amp;]:mt-5\" dir=\"auto\" data-message-author-role=\"assistant\" data-message-id=\"7cfeb81f-1b29-4d27-9f73-7039bbbafe5f\">\n<div class=\"flex w-full flex-col gap-1 empty:hidden first:pt-[3px]\">\n<div class=\"markdown prose w-full break-words dark:prose-invert light\">\n<p>Quando voc\u00ea acessa nosso site, recebemos automaticamente o protocolo de internet do seu computador (endere\u00e7o de IP) para obter informa\u00e7\u00f5es que nos ajudam a aprender sobre seu navegador e sistema operacional.<\/p>\n<p>O envio de e-mails de marketing ser\u00e1 realizado apenas caso voc\u00ea permita. Nestes e-mails, voc\u00ea poder\u00e1 receber not\u00edcias sobre o Souza Lima, novos produtos, cursos e outras atualiza\u00e7\u00f5es.<\/p>\n<h3>SE\u00c7\u00c3O 2 &#8211; CONSENTIMENTO<\/h3>\n<h4>Como voc\u00eas obt\u00eam meu consentimento?<\/h4>\n<p>Quando voc\u00ea fornece informa\u00e7\u00f5es pessoais como nome, telefone e endere\u00e7o para completar uma transa\u00e7\u00e3o, verificar seu cart\u00e3o de cr\u00e9dito, fazer um pedido, providenciar uma entrega ou retornar uma compra, entendemos que voc\u00ea est\u00e1 de acordo com a coleta de dados para serem utilizados pela nossa empresa.<\/p>\n<p>Se pedirmos por suas informa\u00e7\u00f5es pessoais para uma finalidade secund\u00e1ria, como marketing, vamos solicitar seu consentimento diretamente ou lhe fornecer a oportunidade de optar por n\u00e3o compartilhar.<\/p>\n<h4>E caso voc\u00ea queira retirar seu consentimento, como proceder?<\/h4>\n<p>Se, ap\u00f3s nos fornecer seus dados, voc\u00ea mudar de ideia, pode retirar seu consentimento para que possamos entrar em contato, realizar a coleta cont\u00ednua de dados ou usar e divulgar suas informa\u00e7\u00f5es. Isso pode ser feito a qualquer momento, entrando em contato conosco pelo e-mail <strong><a rel=\"noopener\">marketing@souzalima.com.br<\/a><\/strong> ou nos enviando uma correspond\u00eancia para: <strong>Souza Lima, Rua Maria Figueiredo, 560 &#8211; Para\u00edso &#8211; 04002-003 &#8211; S\u00e3o Paulo &#8211; SP<\/strong>.<\/p>\n<h3>SE\u00c7\u00c3O 3 &#8211; DIVULGA\u00c7\u00c3O<\/h3>\n<p>Podemos divulgar suas informa\u00e7\u00f5es pessoais caso sejamos obrigados por lei a faz\u00ea-lo ou se voc\u00ea violar nossos Termos de Servi\u00e7o.<\/p>\n<h3>SE\u00c7\u00c3O 4 &#8211; SERVI\u00c7OS DE TERCEIROS<\/h3>\n<p>No geral, os fornecedores terceirizados que utilizamos ir\u00e3o coletar, usar e divulgar suas informa\u00e7\u00f5es apenas na medida do necess\u00e1rio para que realizem os servi\u00e7os que nos fornecem.<\/p>\n<p>Entretanto, certos fornecedores de servi\u00e7os terceirizados, como gateways de pagamento e processadores de transa\u00e7\u00f5es, possuem suas pr\u00f3prias pol\u00edticas de privacidade em rela\u00e7\u00e3o \u00e0s informa\u00e7\u00f5es que somos obrigados a fornecer para eles em transa\u00e7\u00f5es relacionadas a compras.<\/p>\n<p>Para esses fornecedores, recomendamos que voc\u00ea leia suas pol\u00edticas de privacidade para entender como suas informa\u00e7\u00f5es pessoais ser\u00e3o utilizadas.<\/p>\n<p>Em particular, lembre-se de que alguns fornecedores podem estar localizados em ou possuir instala\u00e7\u00f5es em jurisdi\u00e7\u00f5es diferentes da sua ou da nossa. Assim, se voc\u00ea optar por prosseguir com uma transa\u00e7\u00e3o que envolve servi\u00e7os de um fornecedor terceirizado, suas informa\u00e7\u00f5es podem estar sujeitas \u00e0s leis da(s) jurisdi\u00e7\u00e3o(\u00f5es) onde o fornecedor ou suas instala\u00e7\u00f5es est\u00e3o localizados.<\/p>\n<p>Uma vez que voc\u00ea deixe o site da nossa loja ou seja redirecionado para um aplicativo ou site de terceiros, voc\u00ea n\u00e3o ser\u00e1 mais regido por esta Pol\u00edtica de Privacidade ou pelos Termos de Servi\u00e7o do nosso site.<\/p>\n<p>Quando voc\u00ea clica em links na nossa loja, eles podem direcion\u00e1-lo para fora do nosso site. N\u00e3o somos respons\u00e1veis pelas pr\u00e1ticas de privacidade de outros sites e lhe incentivamos a ler as declara\u00e7\u00f5es de privacidade deles.<\/p>\n<h3>SE\u00c7\u00c3O 5 &#8211; SEGURAN\u00c7A<\/h3>\n<p>Para proteger suas informa\u00e7\u00f5es pessoais, tomamos precau\u00e7\u00f5es razo\u00e1veis e seguimos as melhores pr\u00e1ticas da ind\u00fastria para garantir que elas n\u00e3o sejam perdidas, usurpadas, acessadas, divulgadas, alteradas ou destru\u00eddas de forma inadequada.<\/p>\n<p>Se voc\u00ea nos fornecer suas informa\u00e7\u00f5es de cart\u00e3o de cr\u00e9dito, essas informa\u00e7\u00f5es ser\u00e3o criptografadas usando tecnologia &#8220;Secure Socket Layer&#8221; (SSL) e armazenadas com criptografia AES-256. Embora nenhum m\u00e9todo de transmiss\u00e3o pela Internet ou armazenamento eletr\u00f4nico seja 100% seguro, seguimos todos os requisitos do PCI-DSS e implementamos padr\u00f5es adicionais geralmente aceitos pela ind\u00fastria.<\/p>\n<h3>SE\u00c7\u00c3O 6 &#8211; ALTERA\u00c7\u00d5ES PARA ESTA POL\u00cdTICA DE PRIVACIDADE<\/h3>\n<p>Reservamos o direito de modificar esta pol\u00edtica de privacidade a qualquer momento. Portanto, revise-a com frequ\u00eancia. Altera\u00e7\u00f5es e esclarecimentos entrar\u00e3o em vigor imediatamente ap\u00f3s sua publica\u00e7\u00e3o no site. Se fizermos altera\u00e7\u00f5es substanciais a esta pol\u00edtica, iremos notific\u00e1-lo aqui para que voc\u00ea esteja ciente sobre quais informa\u00e7\u00f5es coletamos, como as usamos e em quais circunst\u00e2ncias as utilizamos e\/ou divulgamos.<\/p>\n<p>Se nossa loja for adquirida ou fundida com outra empresa, suas informa\u00e7\u00f5es poder\u00e3o ser transferidas para os novos propriet\u00e1rios para que possamos continuar a vender produtos para voc\u00ea.<\/p>\n<h3>SE\u00c7\u00c3O 7 &#8211; PARCERIA<\/h3>\n<p>Os conte\u00fados do BLOG s\u00e3o criados pelo educador musical <strong>Professor Jo\u00e3o Marcondes<\/strong> &#8211; que possui pauta livre e n\u00e3o necessariamente representam a opini\u00e3o direta da institui\u00e7\u00e3o. Para quaisquer d\u00favidas, entre em contato com <strong><a rel=\"noopener\">joao.marcondes@souzalima.com.br<\/a><\/strong>.<\/p>\n<\/div>\n<\/div>\n<\/div>\n<\/div>\n<\/div>\n<\/div>\n<p>[\/vc_column_text][\/vc_column][\/vc_row]<\/p>\n<\/div>","protected":false},"excerpt":{"rendered":"<p>[vc_row css_animation=&#8221;&#8221; row_type=&#8221;row&#8221; use_row_as_full_screen_section=&#8221;no&#8221; type=&#8221;full_width&#8221; angled_section=&#8221;no&#8221; text_align=&#8221;left&#8221; background_image_as_pattern=&#8221;without_pattern&#8221; css=&#8221;.vc_custom_1727873019438{margin-bottom: 90px !important;}&#8221; z_index=&#8221;&#8221;][vc_column][vc_column_text] SE\u00c7\u00c3O 1 &#8211; O QUE FAREMOS COM ESTA INFORMA\u00c7\u00c3O? Quando voc\u00ea acessa nosso site, recebemos automaticamente o protocolo de internet do seu computador (endere\u00e7o de IP) para obter informa\u00e7\u00f5es que nos ajudam a&#8230;<\/p>\n","protected":false},"author":1,"featured_media":0,"parent":0,"menu_order":0,"comment_status":"closed","ping_status":"closed","template":"","meta":{"footnotes":""},"class_list":["post-21865","page","type-page","status-publish","hentry"],"yoast_head":"<!-- This site is optimized with the Yoast SEO plugin v27.2 - https:\/\/yoast.com\/product\/yoast-seo-wordpress\/ -->\n<title>Pol\u00edtica de Privacidade - Prote\u00e7\u00e3o de Dados Souza Lima<\/title>\n<meta name=\"description\" content=\"Entenda como protegemos suas informa\u00e7\u00f5es pessoais e como usamos seus dados no Souza Lima. Saiba mais sobre consentimento e seguran\u00e7a.\" \/>\n<meta name=\"robots\" content=\"index, follow, max-snippet:-1, max-image-preview:large, max-video-preview:-1\" \/>\n<link rel=\"canonical\" href=\"https:\/\/souzalima.com.br\/blog\/politica-de-privacidade-2\/\" \/>\n<meta property=\"og:locale\" content=\"pt_BR\" \/>\n<meta property=\"og:type\" content=\"article\" \/>\n<meta property=\"og:title\" content=\"Pol\u00edtica de Privacidade - Prote\u00e7\u00e3o de Dados Souza Lima\" \/>\n<meta property=\"og:description\" content=\"Entenda como protegemos suas informa\u00e7\u00f5es pessoais e como usamos seus dados no Souza Lima. Saiba mais sobre consentimento e seguran\u00e7a.\" \/>\n<meta property=\"og:url\" content=\"https:\/\/souzalima.com.br\/blog\/politica-de-privacidade-2\/\" \/>\n<meta property=\"og:site_name\" content=\"Blog Souza Lima\" \/>\n<meta property=\"article:publisher\" content=\"https:\/\/www.facebook.com\/souzalimaoficial\" \/>\n<meta property=\"article:modified_time\" content=\"2024-10-02T12:43:42+00:00\" \/>\n<meta name=\"twitter:card\" content=\"summary_large_image\" \/>\n<meta name=\"twitter:label1\" content=\"Est. tempo de leitura\" \/>\n\t<meta name=\"twitter:data1\" content=\"4 minutos\" \/>\n<script type=\"application\/ld+json\" class=\"yoast-schema-graph\">{\"@context\":\"https:\/\/schema.org\",\"@graph\":[{\"@type\":\"WebPage\",\"@id\":\"https:\/\/souzalima.com.br\/blog\/politica-de-privacidade-2\/\",\"url\":\"https:\/\/souzalima.com.br\/blog\/politica-de-privacidade-2\/\",\"name\":\"Pol\u00edtica de Privacidade - Prote\u00e7\u00e3o de Dados Souza Lima\",\"isPartOf\":{\"@id\":\"https:\/\/souzalima.com.br\/blog\/#website\"},\"datePublished\":\"2024-10-02T12:42:24+00:00\",\"dateModified\":\"2024-10-02T12:43:42+00:00\",\"description\":\"Entenda como protegemos suas informa\u00e7\u00f5es pessoais e como usamos seus dados no Souza Lima. Saiba mais sobre consentimento e seguran\u00e7a.\",\"breadcrumb\":{\"@id\":\"https:\/\/souzalima.com.br\/blog\/politica-de-privacidade-2\/#breadcrumb\"},\"inLanguage\":\"pt-BR\",\"potentialAction\":[{\"@type\":\"ReadAction\",\"target\":[\"https:\/\/souzalima.com.br\/blog\/politica-de-privacidade-2\/\"]}]},{\"@type\":\"BreadcrumbList\",\"@id\":\"https:\/\/souzalima.com.br\/blog\/politica-de-privacidade-2\/#breadcrumb\",\"itemListElement\":[{\"@type\":\"ListItem\",\"position\":1,\"name\":\"In\u00edcio\",\"item\":\"https:\/\/souzalima.com.br\/blog\/\"},{\"@type\":\"ListItem\",\"position\":2,\"name\":\"Pol\u00edtica de Privacidade\"}]},{\"@type\":\"WebSite\",\"@id\":\"https:\/\/souzalima.com.br\/blog\/#website\",\"url\":\"https:\/\/souzalima.com.br\/blog\/\",\"name\":\"Blog Souza Lima\",\"description\":\"Descubra o universo musical com o Blog Souza Lima! \",\"publisher\":{\"@id\":\"https:\/\/souzalima.com.br\/blog\/#organization\"},\"potentialAction\":[{\"@type\":\"SearchAction\",\"target\":{\"@type\":\"EntryPoint\",\"urlTemplate\":\"https:\/\/souzalima.com.br\/blog\/?s={search_term_string}\"},\"query-input\":{\"@type\":\"PropertyValueSpecification\",\"valueRequired\":true,\"valueName\":\"search_term_string\"}}],\"inLanguage\":\"pt-BR\"},{\"@type\":\"Organization\",\"@id\":\"https:\/\/souzalima.com.br\/blog\/#organization\",\"name\":\"Blog Souza Lima\",\"url\":\"https:\/\/souzalima.com.br\/blog\/\",\"logo\":{\"@type\":\"ImageObject\",\"inLanguage\":\"pt-BR\",\"@id\":\"https:\/\/souzalima.com.br\/blog\/#\/schema\/logo\/image\/\",\"url\":\"https:\/\/souzalima.com.br\/blog\/wp-content\/uploads\/2024\/04\/logo-blog-escuro.png\",\"contentUrl\":\"https:\/\/souzalima.com.br\/blog\/wp-content\/uploads\/2024\/04\/logo-blog-escuro.png\",\"width\":700,\"height\":360,\"caption\":\"Blog Souza Lima\"},\"image\":{\"@id\":\"https:\/\/souzalima.com.br\/blog\/#\/schema\/logo\/image\/\"},\"sameAs\":[\"https:\/\/www.facebook.com\/souzalimaoficial\",\"https:\/\/www.instagram.com\/souzalimaoficial\/\",\"https:\/\/www.tiktok.com\/@souzalimaoficial\"]}]}<\/script>\n<!-- \/ Yoast SEO plugin. -->","yoast_head_json":{"title":"Pol\u00edtica de Privacidade - Prote\u00e7\u00e3o de Dados Souza Lima","description":"Entenda como protegemos suas informa\u00e7\u00f5es pessoais e como usamos seus dados no Souza Lima. Saiba mais sobre consentimento e seguran\u00e7a.","robots":{"index":"index","follow":"follow","max-snippet":"max-snippet:-1","max-image-preview":"max-image-preview:large","max-video-preview":"max-video-preview:-1"},"canonical":"https:\/\/souzalima.com.br\/blog\/politica-de-privacidade-2\/","og_locale":"pt_BR","og_type":"article","og_title":"Pol\u00edtica de Privacidade - Prote\u00e7\u00e3o de Dados Souza Lima","og_description":"Entenda como protegemos suas informa\u00e7\u00f5es pessoais e como usamos seus dados no Souza Lima. Saiba mais sobre consentimento e seguran\u00e7a.","og_url":"https:\/\/souzalima.com.br\/blog\/politica-de-privacidade-2\/","og_site_name":"Blog Souza Lima","article_publisher":"https:\/\/www.facebook.com\/souzalimaoficial","article_modified_time":"2024-10-02T12:43:42+00:00","twitter_card":"summary_large_image","twitter_misc":{"Est. tempo de leitura":"4 minutos"},"schema":{"@context":"https:\/\/schema.org","@graph":[{"@type":"WebPage","@id":"https:\/\/souzalima.com.br\/blog\/politica-de-privacidade-2\/","url":"https:\/\/souzalima.com.br\/blog\/politica-de-privacidade-2\/","name":"Pol\u00edtica de Privacidade - Prote\u00e7\u00e3o de Dados Souza Lima","isPartOf":{"@id":"https:\/\/souzalima.com.br\/blog\/#website"},"datePublished":"2024-10-02T12:42:24+00:00","dateModified":"2024-10-02T12:43:42+00:00","description":"Entenda como protegemos suas informa\u00e7\u00f5es pessoais e como usamos seus dados no Souza Lima. Saiba mais sobre consentimento e seguran\u00e7a.","breadcrumb":{"@id":"https:\/\/souzalima.com.br\/blog\/politica-de-privacidade-2\/#breadcrumb"},"inLanguage":"pt-BR","potentialAction":[{"@type":"ReadAction","target":["https:\/\/souzalima.com.br\/blog\/politica-de-privacidade-2\/"]}]},{"@type":"BreadcrumbList","@id":"https:\/\/souzalima.com.br\/blog\/politica-de-privacidade-2\/#breadcrumb","itemListElement":[{"@type":"ListItem","position":1,"name":"In\u00edcio","item":"https:\/\/souzalima.com.br\/blog\/"},{"@type":"ListItem","position":2,"name":"Pol\u00edtica de Privacidade"}]},{"@type":"WebSite","@id":"https:\/\/souzalima.com.br\/blog\/#website","url":"https:\/\/souzalima.com.br\/blog\/","name":"Blog Souza Lima","description":"Descubra o universo musical com o Blog Souza Lima! ","publisher":{"@id":"https:\/\/souzalima.com.br\/blog\/#organization"},"potentialAction":[{"@type":"SearchAction","target":{"@type":"EntryPoint","urlTemplate":"https:\/\/souzalima.com.br\/blog\/?s={search_term_string}"},"query-input":{"@type":"PropertyValueSpecification","valueRequired":true,"valueName":"search_term_string"}}],"inLanguage":"pt-BR"},{"@type":"Organization","@id":"https:\/\/souzalima.com.br\/blog\/#organization","name":"Blog Souza Lima","url":"https:\/\/souzalima.com.br\/blog\/","logo":{"@type":"ImageObject","inLanguage":"pt-BR","@id":"https:\/\/souzalima.com.br\/blog\/#\/schema\/logo\/image\/","url":"https:\/\/souzalima.com.br\/blog\/wp-content\/uploads\/2024\/04\/logo-blog-escuro.png","contentUrl":"https:\/\/souzalima.com.br\/blog\/wp-content\/uploads\/2024\/04\/logo-blog-escuro.png","width":700,"height":360,"caption":"Blog Souza Lima"},"image":{"@id":"https:\/\/souzalima.com.br\/blog\/#\/schema\/logo\/image\/"},"sameAs":["https:\/\/www.facebook.com\/souzalimaoficial","https:\/\/www.instagram.com\/souzalimaoficial\/","https:\/\/www.tiktok.com\/@souzalimaoficial"]}]}},"_links":{"self":[{"href":"https:\/\/souzalima.com.br\/blog\/wp-json\/wp\/v2\/pages\/21865","targetHints":{"allow":["GET"]}}],"collection":[{"href":"https:\/\/souzalima.com.br\/blog\/wp-json\/wp\/v2\/pages"}],"about":[{"href":"https:\/\/souzalima.com.br\/blog\/wp-json\/wp\/v2\/types\/page"}],"author":[{"embeddable":true,"href":"https:\/\/souzalima.com.br\/blog\/wp-json\/wp\/v2\/users\/1"}],"replies":[{"embeddable":true,"href":"https:\/\/souzalima.com.br\/blog\/wp-json\/wp\/v2\/comments?post=21865"}],"version-history":[{"count":3,"href":"https:\/\/souzalima.com.br\/blog\/wp-json\/wp\/v2\/pages\/21865\/revisions"}],"predecessor-version":[{"id":21868,"href":"https:\/\/souzalima.com.br\/blog\/wp-json\/wp\/v2\/pages\/21865\/revisions\/21868"}],"wp:attachment":[{"href":"https:\/\/souzalima.com.br\/blog\/wp-json\/wp\/v2\/media?parent=21865"}],"curies":[{"name":"wp","href":"https:\/\/api.w.org\/{rel}","templated":true}]}}